{"id":5,"date":"2020-03-29T07:40:09","date_gmt":"2020-03-29T07:40:09","guid":{"rendered":"https:\/\/municip.app\/matulji\/?page_id=5"},"modified":"2020-03-30T12:04:55","modified_gmt":"2020-03-30T12:04:55","slug":"zahtjev-za-izdavanje-propusnice-za-obavljanje-vitalnih-aktivnosti-izvan-podrucja-prebivalista","status":"publish","type":"page","link":"https:\/\/municip.app\/matulji\/","title":{"rendered":"Zahtjev za izdavanje propusnice za obavljanje vitalnih aktivnosti izvan podru\u010dja prebivali\u0161ta ili stalnog boravi\u0161ta"},"content":{"rendered":"\n<p>Podatke iz ovoga obrasca prikuplja i obraduje Sto\u017eer civilne za\u0161tite Op\u0107ine Matulji u skladu odlukom Sto\u017eera civilne za\u0161tite Republike Hrvatske od 23. o\u017eujka 2020: <a rel=\"noreferrer noopener\" href=\"https:\/\/civilna-zastita.gov.hr\/UserDocsImages\/CIVILNA%20ZA%C5%A0TITA\/PDF_ZA%20WEB\/Odluka%20o%20zabrani%20napu%C5%A1tanja%20prebivali%C5%A1ta....pdf\" target=\"_blank\">Odluka o zabrani napu\u0161tanja mjesta prebivali\u0161ta i stalnog boravka u Republici Hrvatskoj<\/a><\/p>\n\n\n\n<p style=\"color:red\"><strong>Pristupnica se izdaje pod kaznenom odgovorno\u0161\u0107u podnositelja zahtjeva za istinitost podataka. <\/strong><\/p>\n<p>Sto\u017eer civilne za\u0161tite Op\u0107ine Matulji vodi evidenciju izdanih propusnica.<\/p>\n\n\n\n<p class=\"has-text-align-left\"><\/p>\n\n\n\n<p><strong>Molimo unesite podatke osobe koja \u0107e obavljati aktivnosti na terenu &#8211; nositelj propusnice<\/strong><\/p>\n\n\n\n\n<div class=\"wpcf7 no-js\" id=\"wpcf7-f4-o1\" lang=\"hr\" dir=\"ltr\" data-wpcf7-id=\"4\">\n<div class=\"screen-reader-response\"><p role=\"status\" aria-live=\"polite\" aria-atomic=\"true\"><\/p> <ul><\/ul><\/div>\n<form action=\"\/matulji\/wp-json\/wp\/v2\/pages\/5#wpcf7-f4-o1\" method=\"post\" class=\"wpcf7-form init\" aria-label=\"Kontakt obrazac\" novalidate=\"novalidate\" data-status=\"init\">\n<fieldset class=\"hidden-fields-container\"><input type=\"hidden\" name=\"_wpcf7\" value=\"4\" \/><input type=\"hidden\" name=\"_wpcf7_version\" value=\"6.1.5\" \/><input type=\"hidden\" name=\"_wpcf7_locale\" value=\"hr\" \/><input type=\"hidden\" name=\"_wpcf7_unit_tag\" value=\"wpcf7-f4-o1\" \/><input type=\"hidden\" name=\"_wpcf7_container_post\" value=\"0\" \/><input type=\"hidden\" name=\"_wpcf7_posted_data_hash\" value=\"\" \/><input type=\"hidden\" name=\"_wpcf7cf_hidden_group_fields\" value=\"[]\" \/><input type=\"hidden\" name=\"_wpcf7cf_hidden_groups\" value=\"[]\" \/><input type=\"hidden\" name=\"_wpcf7cf_visible_groups\" value=\"[]\" \/><input type=\"hidden\" name=\"_wpcf7cf_repeaters\" value=\"[]\" \/><input type=\"hidden\" name=\"_wpcf7cf_steps\" value=\"{}\" \/><input type=\"hidden\" name=\"_wpcf7cf_options\" value=\"{&quot;form_id&quot;:4,&quot;conditions&quot;:[{&quot;then_field&quot;:&quot;group-702&quot;,&quot;and_rules&quot;:[{&quot;if_field&quot;:&quot;razlog&quot;,&quot;operator&quot;:&quot;equals&quot;,&quot;if_value&quot;:&quot;Pru\\u017eanje skrbi djeci&quot;}]},{&quot;then_field&quot;:&quot;group-702&quot;,&quot;and_rules&quot;:[{&quot;if_field&quot;:&quot;razlog&quot;,&quot;operator&quot;:&quot;equals&quot;,&quot;if_value&quot;:&quot;Pru\\u017eanje skrbi starijim osobama&quot;}]},{&quot;then_field&quot;:&quot;group-702&quot;,&quot;and_rules&quot;:[{&quot;if_field&quot;:&quot;razlog&quot;,&quot;operator&quot;:&quot;equals&quot;,&quot;if_value&quot;:&quot;Pru\\u017eanje skrbi bolesnim i nemo\\u0107nim osobama&quot;}]}],&quot;settings&quot;:{&quot;animation&quot;:&quot;yes&quot;,&quot;animation_intime&quot;:200,&quot;animation_outtime&quot;:200,&quot;conditions_ui&quot;:&quot;normal&quot;,&quot;notice_dismissed&quot;:false,&quot;repeater_remove_button&quot;:&quot;bottom&quot;}}\" \/>\n<\/fieldset>\n<p>Ime<br \/>\n<span class=\"wpcf7-form-control-wrap\" data-name=\"ime\"><input size=\"40\" maxlength=\"400\" class=\"wpcf7-form-control wpcf7-text wpcf7-validates-as-required\" aria-required=\"true\" aria-invalid=\"false\" value=\"\" type=\"text\" name=\"ime\" \/><\/span>\n<\/p>\n<p>Prezime<br \/>\n<span class=\"wpcf7-form-control-wrap\" data-name=\"prezime\"><input size=\"40\" maxlength=\"400\" class=\"wpcf7-form-control wpcf7-text wpcf7-validates-as-required\" aria-required=\"true\" aria-invalid=\"false\" value=\"\" type=\"text\" name=\"prezime\" \/><\/span>\n<\/p>\n<h5>prebivali\u0161te ili stalno boravi\u0161te\n<\/h5>\n<p>ulica<br \/>\n<span class=\"wpcf7-form-control-wrap\" data-name=\"ulica\"><select class=\"wpcf7-form-control wpcf7-select wpcf7-validates-as-required\" aria-required=\"true\" aria-invalid=\"false\" name=\"ulica\"><option value=\"--odaberite ulicu--\">--odaberite ulicu--<\/option><option value=\"Brdce\">Brdce<\/option><option value=\"43. istarske divizije\">43. istarske divizije<\/option><option value=\"Andreti\u0107i\">Andreti\u0107i<\/option><option value=\"Antona Dubrovi\u0107a\">Antona Dubrovi\u0107a<\/option><option value=\"Anton\u010di\u0107eva\">Anton\u010di\u0107eva<\/option><option value=\"Anjeli\">Anjeli<\/option><option value=\"Ben\u010dini\u0107i\">Ben\u010dini\u0107i<\/option><option value=\"Berma\u010d\">Berma\u010d<\/option><option value=\"Bi\u0161kupi\">Bi\u0161kupi<\/option><option value=\"Bra\u0107e Milih\">Bra\u0107e Milih<\/option><option value=\"Brajani\">Brajani<\/option><option value=\"Branka Laginje\">Branka Laginje<\/option><option value=\"Bregi\">Bregi<\/option><option value=\"Bre\u0161ca\">Bre\u0161ca<\/option><option value=\"Brn\u010di\u0107i\">Brn\u010di\u0107i<\/option><option value=\"Cesta Previnak\">Cesta Previnak<\/option><option value=\"Cesta za Osojnaki\">Cesta za Osojnaki<\/option><option value=\"\u010conjini\">\u010conjini<\/option><option value=\"\u010crn\u010di\u0107i\">\u010crn\u010di\u0107i<\/option><option value=\"Dalmatinskih brigada\">Dalmatinskih brigada<\/option><option value=\"Du\u0161ana Mavra\">Du\u0161ana Mavra<\/option><option value=\"Eugena Kumi\u010di\u0107a\">Eugena Kumi\u010di\u0107a<\/option><option value=\"Frana Supila\">Frana Supila<\/option><option value=\"Frani\u0107i\">Frani\u0107i<\/option><option value=\"Frlanska cesta\">Frlanska cesta<\/option><option value=\"Frli\u0107i\">Frli\u0107i<\/option><option value=\"Gaj\">Gaj<\/option><option value=\"Ga\u0161pari\">Ga\u0161pari<\/option><option value=\"Ivana i Matka Ba\u0161tijana\">Ivana i Matka Ba\u0161tijana<\/option><option value=\"Ivana Mateti\u0107a Ronjgova\">Ivana Mateti\u0107a Ronjgova<\/option><option value=\"Ivani\u0107i\">Ivani\u0107i<\/option><option value=\"Ivuli\">Ivuli<\/option><option value=\"Jankovi\u0107eva cesta\">Jankovi\u0107eva cesta<\/option><option value=\"Jugova rebar\">Jugova rebar<\/option><option value=\"Jurdani\">Jurdani<\/option><option value=\"Jurdani\u0107i\">Jurdani\u0107i<\/option><option value=\"Jurini\u0107i\">Jurini\u0107i<\/option><option value=\"Ju\u0161i\u0107i\">Ju\u0161i\u0107i<\/option><option value=\"Kastavska cesta\">Kastavska cesta<\/option><option value=\"Korensko\">Korensko<\/option><option value=\"Ko\u017euli\">Ko\u017euli<\/option><option value=\"Kriva\">Kriva<\/option><option value=\"Kru\u017eni put\">Kru\u017eni put<\/option><option value=\"Ku\u010di\u0107i\">Ku\u010di\u0107i<\/option><option value=\"Ku\u0107eli\">Ku\u0107eli<\/option><option value=\"Kuki\u0107i\">Kuki\u0107i<\/option><option value=\"Kvarnerska cesta\">Kvarnerska cesta<\/option><option value=\"Lipa\">Lipa<\/option><option value=\"Male Mune\">Male Mune<\/option><option value=\"Mali Brgud\">Mali Brgud<\/option><option value=\"Mami\u0107i\">Mami\u0107i<\/option><option value=\"Marin\u010di\u0107eva\">Marin\u010di\u0107eva<\/option><option value=\"Matka Laginje\">Matka Laginje<\/option><option value=\"Matka Mandi\u0107a\">Matka Mandi\u0107a<\/option><option value=\"Matuljska cesta\">Matuljska cesta<\/option><option value=\"Mavri\u010di\u0107ev put\">Mavri\u010di\u0107ev put<\/option><option value=\"Mavri\u0107i\">Mavri\u0107i<\/option><option value=\"Miheli\u0107i\">Miheli\u0107i<\/option><option value=\"Mihoti\u0107ev prolaz\">Mihoti\u0107ev prolaz<\/option><option value=\"Milana Frlana\">Milana Frlana<\/option><option value=\"Mirka Duki\u0107a\">Mirka Duki\u0107a<\/option><option value=\"Mohori\u0107i\">Mohori\u0107i<\/option><option value=\"Mu\u010di\u0107i\">Mu\u010di\u0107i<\/option><option value=\"Obadi\">Obadi<\/option><option value=\"Osojnaki\">Osojnaki<\/option><option value=\"Palihi\">Palihi<\/option><option value=\"Partizanski put\">Partizanski put<\/option><option value=\"Pasjak\">Pasjak<\/option><option value=\"Perasov put\">Perasov put<\/option><option value=\"Per\u010di\u0107i\">Per\u010di\u0107i<\/option><option value=\"Perka\">Perka<\/option><option value=\"Permani\">Permani<\/option><option value=\"Pe\u0161\u0107inica\">Pe\u0161\u0107inica<\/option><option value=\"Pionirska\">Pionirska<\/option><option value=\"Pobarska cesta\">Pobarska cesta<\/option><option value=\"Poljane\">Poljane<\/option><option value=\"Popovi\u0107ev put\">Popovi\u0107ev put<\/option><option value=\"Po\u0161\u0107i\u0107i\">Po\u0161\u0107i\u0107i<\/option><option value=\"Principi\">Principi<\/option><option value=\"Put Brdo\">Put Brdo<\/option><option value=\"Put Luskino\">Put Luskino<\/option><option value=\"Put Mileve Su\u0161anj\">Put Mileve Su\u0161anj<\/option><option value=\"Put Perinovo\">Put Perinovo<\/option><option value=\"Put Pubovo\">Put Pubovo<\/option><option value=\"Put Puhari\">Put Puhari<\/option><option value=\"Put Rube\u0161evo\">Put Rube\u0161evo<\/option><option value=\"Put Stanka Lukseti\u0107a\">Put Stanka Lukseti\u0107a<\/option><option value=\"Put Uro\u0161a Radeta\">Put Uro\u0161a Radeta<\/option><option value=\"Put za Bu\u010d\">Put za Bu\u010d<\/option><option value=\"Put za Trinajsti\u0107i\">Put za Trinajsti\u0107i<\/option><option value=\"Put \u017divica\">Put \u017divica<\/option><option value=\"Pu\u017eev breg\">Pu\u017eev breg<\/option><option value=\"Radeti\u0107i\">Radeti\u0107i<\/option><option value=\"Ro\u0161i\u0107i\">Ro\u0161i\u0107i<\/option><option value=\"Ruh\u010dev put\">Ruh\u010dev put<\/option><option value=\"Rukavac\">Rukavac<\/option><option value=\"Rupa\">Rupa<\/option><option value=\"Rupnjak\">Rupnjak<\/option><option value=\"Ru\u017ei\u0107i\">Ru\u017ei\u0107i<\/option><option value=\"Slavi\u0107i\">Slavi\u0107i<\/option><option value=\"Stani\u0107i\">Stani\u0107i<\/option><option value=\"Stanka Miliha\">Stanka Miliha<\/option><option value=\"Stari grad\">Stari grad<\/option><option value=\"Stubi\u0161te Mate Balote\">Stubi\u0161te Mate Balote<\/option><option value=\"Su\u0161nji\">Su\u0161nji<\/option><option value=\"Svaglinci\">Svaglinci<\/option><option value=\"\u0160apjane\">\u0160apjane<\/option><option value=\"\u0160etali\u0161te Drage Gervaisa\">\u0160etali\u0161te Drage Gervaisa<\/option><option value=\"\u0160ime Jur\u010di\u0107a\">\u0160ime Jur\u010di\u0107a<\/option><option value=\"\u0160kalnica\">\u0160kalnica<\/option><option value=\"\u0160kalni\u0161ki\">\u0160kalni\u0161ki<\/option><option value=\"\u0160klavi\u0107i\">\u0160klavi\u0107i<\/option><option value=\"\u0160krapna\">\u0160krapna<\/option><option value=\"\u0160mogorska cesta\">\u0160mogorska cesta<\/option><option value=\"Trg mar\u0161ala Tita\">Trg mar\u0161ala Tita<\/option><option value=\"Trtni\">Trtni<\/option><option value=\"Turni\u0107\">Turni\u0107<\/option><option value=\"Vele Mune\">Vele Mune<\/option><option value=\"Veli Brgud\">Veli Brgud<\/option><option value=\"Viktora cara Emina\">Viktora cara Emina<\/option><option value=\"Vladimira Gortana\">Vladimira Gortana<\/option><option value=\"Vladimira Nazora\">Vladimira Nazora<\/option><option value=\"Vlahov breg\">Vlahov breg<\/option><option value=\"Vlatka Su\u0161nja\">Vlatka Su\u0161nja<\/option><option value=\"Zaluki\">Zaluki<\/option><option value=\"Zvan\u010di\u0107i\">Zvan\u010di\u0107i<\/option><option value=\"Zvone\u0107a\">Zvone\u0107a<\/option><option value=\"\u017dejane\">\u017dejane<\/option><option value=\"\u017dnjidari\">\u017dnjidari<\/option><option value=\"\u017drtava fa\u0161izma\">\u017drtava fa\u0161izma<\/option><\/select><\/span>\n<\/p>\n<p>ku\u0107ni broj<br \/>\n<span class=\"wpcf7-form-control-wrap\" data-name=\"kucniBr\"><input class=\"wpcf7-form-control wpcf7-number wpcf7-validates-as-required wpcf7-validates-as-number\" aria-required=\"true\" aria-invalid=\"false\" value=\"\" type=\"number\" name=\"kucniBr\" \/><\/span>\n<\/p>\n<p>podbroj ili dodatak ku\u0107nom broju<br \/>\n<span class=\"wpcf7-form-control-wrap\" data-name=\"podbroj\"><input size=\"40\" maxlength=\"400\" class=\"wpcf7-form-control wpcf7-text\" aria-invalid=\"false\" value=\"\" type=\"text\" name=\"podbroj\" \/><\/span>\n<\/p>\n<p>Po\u0161ta<br \/>\n<span class=\"wpcf7-form-control-wrap\" data-name=\"posta\"><select class=\"wpcf7-form-control wpcf7-select wpcf7-validates-as-required\" aria-required=\"true\" aria-invalid=\"false\" name=\"posta\"><option value=\"--odaberite po\u0161tu--\">--odaberite po\u0161tu--<\/option><option value=\"51211 MATULJI\">51211 MATULJI<\/option><option value=\"51212 MUNE\">51212 MUNE<\/option><option value=\"51213 JURDANI\">51213 JURDANI<\/option><option value=\"51214 \u0160APJANE\">51214 \u0160APJANE<\/option><\/select><\/span>\n<\/p>\n<p>OIB<br \/>\n<span class=\"wpcf7-form-control-wrap\" data-name=\"OIB\"><input size=\"40\" maxlength=\"11\" minlength=\"11\" class=\"wpcf7-form-control wpcf7-text wpcf7-validates-as-required\" aria-required=\"true\" aria-invalid=\"false\" value=\"\" type=\"text\" name=\"OIB\" \/><\/span>\n<\/p>\n<p>Datum ro\u0111enja<br \/>\n<span class=\"wpcf7-form-control-wrap\" data-name=\"datum-rodenja\"><input class=\"wpcf7-form-control wpcf7-date wpcf7-validates-as-required wpcf7-validates-as-date\" aria-required=\"true\" aria-invalid=\"false\" value=\"\" type=\"date\" name=\"datum-rodenja\" \/><\/span>\n<\/p>\n<p>Email adresa<br \/>\n<span class=\"wpcf7-form-control-wrap\" data-name=\"email\"><input size=\"40\" maxlength=\"400\" class=\"wpcf7-form-control wpcf7-email wpcf7-validates-as-required wpcf7-text wpcf7-validates-as-email\" aria-required=\"true\" aria-invalid=\"false\" value=\"\" type=\"email\" name=\"email\" \/><\/span><br \/>\n<small>Na koju \u0107e biti dostavljena propusnica ako su navedene aktivnosti opravdane<\/small>\n<\/p>\n<p>Telefon\/mobitel<br \/>\n<span class=\"wpcf7-form-control-wrap\" data-name=\"tel\"><input size=\"40\" maxlength=\"400\" class=\"wpcf7-form-control wpcf7-tel wpcf7-text wpcf7-validates-as-tel\" aria-invalid=\"false\" value=\"\" type=\"tel\" name=\"tel\" \/><\/span>\n<\/p>\n<p>Razlog napu\u0161tanja mjesta prebivali\u0161ta ili stalnog boravi\u0161ta<br \/>\n<span class=\"wpcf7-form-control-wrap\" data-name=\"razlog\"><select class=\"wpcf7-form-control wpcf7-select wpcf7-validates-as-required\" aria-required=\"true\" aria-invalid=\"false\" name=\"razlog\"><option value=\"Pru\u017eanje skrbi djeci\">Pru\u017eanje skrbi djeci<\/option><option value=\"Pru\u017eanje skrbi starijim osobama\">Pru\u017eanje skrbi starijim osobama<\/option><option value=\"Pru\u017eanje skrbi bolesnim i nemo\u0107nim osobama\">Pru\u017eanje skrbi bolesnim i nemo\u0107nim osobama<\/option><option value=\"Kupovina hrane i potrep\u0161tina kojih nema u mjestu prebivali\u0161ta\">Kupovina hrane i potrep\u0161tina kojih nema u mjestu prebivali\u0161ta<\/option><option value=\"Ostali vitalni obiteljski razlozi\">Ostali vitalni obiteljski razlozi<\/option><\/select><\/span>\n<\/p>\n<div data-id=\"group-702\" data-orig_data_id=\"group-702\" data-clear_on_hide class=\"\" data-class=\"wpcf7cf_group\">\n\t<p>Ime i prezime osobe za koju se skrbi<br \/>\n<span class=\"wpcf7-form-control-wrap\" data-name=\"osoba_skrb\"><input size=\"40\" maxlength=\"400\" class=\"wpcf7-form-control wpcf7-text\" aria-invalid=\"false\" value=\"\" type=\"text\" name=\"osoba_skrb\" \/><\/span>\n\t<\/p>\n\t<p>Godina ro\u0111enja osobe za koju se skrbi<br \/>\n<span class=\"wpcf7-form-control-wrap\" data-name=\"godiste_skrb\"><input size=\"40\" maxlength=\"400\" class=\"wpcf7-form-control wpcf7-text\" aria-invalid=\"false\" value=\"\" type=\"text\" name=\"godiste_skrb\" \/><\/span>\n\t<\/p>\n<\/div>\n<p>Adresa na koju se odlazi<br \/>\n<span class=\"wpcf7-form-control-wrap\" data-name=\"adresa-odlaska\"><input size=\"40\" maxlength=\"400\" class=\"wpcf7-form-control wpcf7-text wpcf7-validates-as-required\" aria-required=\"true\" aria-invalid=\"false\" value=\"\" type=\"text\" name=\"adresa-odlaska\" \/><\/span>\n<\/p>\n<p>Naselje\/grad u koji se odlazi<br \/>\n<span class=\"wpcf7-form-control-wrap\" data-name=\"naselje\"><input size=\"40\" maxlength=\"400\" class=\"wpcf7-form-control wpcf7-text wpcf7-validates-as-required\" aria-required=\"true\" aria-invalid=\"false\" value=\"\" type=\"text\" name=\"naselje\" \/><\/span>\n<\/p>\n<h5> Zahtjevana valjanost propusnice\n<\/h5>\n<p>datum OD<br \/>\n<span class=\"wpcf7-form-control-wrap\" data-name=\"datum-napustanja\"><input class=\"wpcf7-form-control wpcf7-date wpcf7-validates-as-required wpcf7-validates-as-date\" aria-required=\"true\" aria-invalid=\"false\" value=\"\" type=\"date\" name=\"datum-napustanja\" \/><\/span>\n<\/p>\n<p>datum DO<br \/>\n<span class=\"wpcf7-form-control-wrap\" data-name=\"datum-povratka\"><input class=\"wpcf7-form-control wpcf7-date wpcf7-validates-as-required wpcf7-validates-as-date\" aria-required=\"true\" aria-invalid=\"false\" value=\"\" type=\"date\" name=\"datum-povratka\" \/><\/span><br \/>\n<small>Propusnice se izdaju na vremensko razdoblje od maksimalno 14 dana<\/small>\n<\/p>\n<p>Poja\u0161njenje opravdanosti zahtjeva i ostale napomene<br \/>\n<span class=\"wpcf7-form-control-wrap\" data-name=\"napomene\"><textarea cols=\"40\" rows=\"10\" maxlength=\"2000\" class=\"wpcf7-form-control wpcf7-textarea\" aria-invalid=\"false\" name=\"napomene\"><\/textarea><\/span>\n<\/p>\n<p>Upoznat sam sa odredbama Zakona o elektroni\u010dkoj ispravi (\"Narodne novine\" br. 150\/05), te izri\u010dito izjavljujem da sam suglasan da mi\/nam Op\u0107ina Matulji \/ Sto\u017eer Civilne za\u0161tite Op\u0107ine Matulji dostavi propusnicu elektroni\u010dkim putem na e-mail adresu navedenu u podacima o podnositelju ovog zahtjeva.\n<\/p>\n<p><input class=\"wpcf7-form-control wpcf7-submit has-spinner button\" type=\"submit\" value=\"Po\u0161alji zahtjev\" \/>\n<\/p><div class=\"wpcf7-response-output\" aria-hidden=\"true\"><\/div>\n<\/form>\n<\/div>\n\n\n\n\n<p>Nakon ispunjavanja ovog formulara i slanja zahtjeva, kroz nekoliko minuta na e-mail adresu navedenu u podacima o podnositelju ovog zahtjeva dobit \u0107ete obavijest o zaprimanju Va\u0161eg zahtjeva. <strong>Napominjemo da \u0107e Vam propusnica biti dostavljena elektroni\u010dkim putem na e-mail adresu navedenu u podacima o podnositelju ovog zahtjeva samo ako su navedene aktivnosti opravdane<\/strong>.<\/p><br>\n<h4>Pristupnica se izdaje pod kaznenom odgovorno\u0161\u0107u podnositelja zahtjeva za istinitost podataka. Sto\u017eer civilne za\u0161tite Op\u0107ine Matulji vodi evidenciju izdanih propusnica.<h4>\n<style>\nsmall {font-size:80%;color:#aaa}\ninput.button {\nwidth: auto !important;\nbackground-color: green !important;\ncolor: white !important;\ncursor: pointer;\nmargin-bottom: 20px;}\n<\/style>\n\n\n\n<p><\/p>\n","protected":false},"excerpt":{"rendered":"<p>Podatke iz ovoga obrasca prikuplja i obraduje Sto\u017eer civilne za\u0161tite Op\u0107ine Matulji u skladu odlukom Sto\u017eera civilne za\u0161tite Republike Hrvatske od 23. o\u017eujka 2020: Odluka o zabrani napu\u0161tanja mjesta prebivali\u0161ta i stalnog boravka u Republici Hrvatskoj Pristupnica se izdaje pod kaznenom odgovorno\u0161\u0107u podnositelja zahtjeva za istinitost podataka. Sto\u017eer civilne za\u0161tite Op\u0107ine Matulji vodi evidenciju izdanih [&hellip;]<\/p>\n","protected":false},"author":1,"featured_media":0,"parent":0,"menu_order":0,"comment_status":"closed","ping_status":"closed","template":"","meta":{"_et_pb_use_builder":"off","_et_pb_old_content":"","_et_gb_content_width":"1080","footnotes":""},"class_list":["post-5","page","type-page","status-publish","hentry"],"_links":{"self":[{"href":"https:\/\/municip.app\/matulji\/wp-json\/wp\/v2\/pages\/5","targetHints":{"allow":["GET"]}}],"collection":[{"href":"https:\/\/municip.app\/matulji\/wp-json\/wp\/v2\/pages"}],"about":[{"href":"https:\/\/municip.app\/matulji\/wp-json\/wp\/v2\/types\/page"}],"author":[{"embeddable":true,"href":"https:\/\/municip.app\/matulji\/wp-json\/wp\/v2\/users\/1"}],"replies":[{"embeddable":true,"href":"https:\/\/municip.app\/matulji\/wp-json\/wp\/v2\/comments?post=5"}],"version-history":[{"count":19,"href":"https:\/\/municip.app\/matulji\/wp-json\/wp\/v2\/pages\/5\/revisions"}],"predecessor-version":[{"id":42,"href":"https:\/\/municip.app\/matulji\/wp-json\/wp\/v2\/pages\/5\/revisions\/42"}],"wp:attachment":[{"href":"https:\/\/municip.app\/matulji\/wp-json\/wp\/v2\/media?parent=5"}],"curies":[{"name":"wp","href":"https:\/\/api.w.org\/{rel}","templated":true}]}}